{"id":90,"date":"2022-02-24T13:51:28","date_gmt":"2022-02-24T12:51:28","guid":{"rendered":"http:\/\/ecoliel.cluster028.hosting.ovh.net\/?page_id=90"},"modified":"2023-03-04T18:23:42","modified_gmt":"2023-03-04T17:23:42","slug":"nous-rejoindre","status":"publish","type":"page","link":"https:\/\/ecolieu-art-terre.fr\/index.php\/nous-rejoindre\/","title":{"rendered":"Nous rejoindre"},"content":{"rendered":"\n<p class=\"has-text-align-center\">Le projet Art-Terre est interg\u00e9n\u00e9rationnel et ouvert \u00e0 tous, dans l\u2019adh\u00e9sion des principes de la <a href=\"http:\/\/ecoliel.cluster028.hosting.ovh.net\/index.php\/raison-detre-et-charte\/\">charte<\/a> et du r\u00e8glement int\u00e9rieur.<\/p>\n\n\n\n<p class=\"has-text-align-center\">Nous vous invitons \u00e0 parcourir tout le site pour d\u00e9couvrir le projet global et plus sp\u00e9cifiquement \u00e0 lire <a href=\"http:\/\/ecoliel.cluster028.hosting.ovh.net\/index.php\/raison-detre-et-charte\/\">la Charte et la Raison d\u2019\u00catre<\/a>, le <a href=\"http:\/\/ecoliel.cluster028.hosting.ovh.net\/index.php\/vivre-ensemble\/\">Vivre-Ensemble<\/a>, la <a href=\"http:\/\/ecoliel.cluster028.hosting.ovh.net\/index.php\/presentation\/\">Pr\u00e9sentation<\/a> et <a href=\"http:\/\/ecoliel.cluster028.hosting.ovh.net\/index.php\/qui-sommes-nous\/\">Qui Sommes-Nous<\/a>.<\/p>\n\n\n\n<p class=\"has-text-align-center\">N\u2019h\u00e9sitez pas \u00e0 nous <a href=\"http:\/\/ecoliel.cluster028.hosting.ovh.net\/index.php\/contact\/\">Nous contacter <\/a>si \u00e7a vous parle et si vous avez envie de vous investir dans un projet comme celui-l\u00e0.<br>Les comp\u00e9tences suivantes sont aussi bienvenues&nbsp;: low tech, DIY, construction\/r\u00e9novation, administratif, cuisine collective, naturopathie, organisation d\u2019\u00e9v\u00e8nements, communication, humour, sagesse,\u2026<\/p>\n\n\n\n<p class=\"has-text-align-center\">Quelles sont vos attentes, besoins dans un \u00e9covillage ? Qu\u2019est-ce que vous ne souhaitez pas&nbsp;? <\/p>\n\n\n\n<p class=\"has-text-align-center\">Qu\u2019aimeriez-vous apporter&nbsp;?<br><\/p>\n\n\n\n<p class=\"has-text-align-center\">N\u2019h\u00e9sitez pas \u00e0 en parler avec nous\u2026<\/p>\n\n\n\n<div data-wp-interactive=\"core\/file\" class=\"wp-block-file\"><object data-wp-bind--hidden=\"!state.hasPdfPreview\" hidden class=\"wp-block-file__embed\" data=\"https:\/\/ecolieu-art-terre.fr\/wp-content\/uploads\/2023\/03\/Statuts-Art-Terre-SAS-MODIFIES.pdf\" type=\"application\/pdf\" style=\"width:100%;height:600px\" aria-label=\"Contenu embarqu\u00e9 Statuts-Art-Terre-SAS-MODIFIES.\"><\/object><a id=\"wp-block-file--media-203c9f0d-d2de-4e28-ba86-4f49a748cd30\" href=\"https:\/\/ecolieu-art-terre.fr\/wp-content\/uploads\/2023\/03\/Statuts-Art-Terre-SAS-MODIFIES.pdf\">Statuts-Art-Terre-SAS-MODIFIES<\/a><a href=\"https:\/\/ecolieu-art-terre.fr\/wp-content\/uploads\/2023\/03\/Statuts-Art-Terre-SAS-MODIFIES.pdf\" class=\"wp-block-file__button wp-element-button\" download aria-describedby=\"wp-block-file--media-203c9f0d-d2de-4e28-ba86-4f49a748cd30\">T\u00e9l\u00e9charger<\/a><\/div>\n","protected":false},"excerpt":{"rendered":"<p>Le projet Art-Terre est interg\u00e9n\u00e9rationnel et ouvert \u00e0 tous, dans l\u2019adh\u00e9sion des principes de la charte et du r\u00e8glement int\u00e9rieur. Nous vous invitons \u00e0 parcourir tout le site pour d\u00e9couvrir&#8230;<\/p>\n","protected":false},"author":1,"featured_media":0,"parent":0,"menu_order":0,"comment_status":"closed","ping_status":"closed","template":"","meta":{"_EventAllDay":false,"_EventTimezone":"","_EventStartDate":"","_EventEndDate":"","_EventStartDateUTC":"","_EventEndDateUTC":"","_EventShowMap":false,"_EventShowMapLink":false,"_EventURL":"","_EventCost":"","_EventCostDescription":"","_EventCurrencySymbol":"","_EventCurrencyCode":"","_EventCurrencyPosition":"","_EventDateTimeSeparator":"","_EventTimeRangeSeparator":"","_EventOrganizerID":[],"_EventVenueID":[],"_OrganizerEmail":"","_OrganizerPhone":"","_OrganizerWebsite":"","_VenueAddress":"","_VenueCity":"","_VenueCountry":"","_VenueProvince":"","_VenueState":"","_VenueZip":"","_VenuePhone":"","_VenueURL":"","_VenueStateProvince":"","_VenueLat":"","_VenueLng":"","_VenueShowMap":false,"_VenueShowMapLink":false,"footnotes":""},"class_list":["post-90","page","type-page","status-publish","hentry"],"_links":{"self":[{"href":"https:\/\/ecolieu-art-terre.fr\/index.php\/wp-json\/wp\/v2\/pages\/90","targetHints":{"allow":["GET"]}}],"collection":[{"href":"https:\/\/ecolieu-art-terre.fr\/index.php\/wp-json\/wp\/v2\/pages"}],"about":[{"href":"https:\/\/ecolieu-art-terre.fr\/index.php\/wp-json\/wp\/v2\/types\/page"}],"author":[{"embeddable":true,"href":"https:\/\/ecolieu-art-terre.fr\/index.php\/wp-json\/wp\/v2\/users\/1"}],"replies":[{"embeddable":true,"href":"https:\/\/ecolieu-art-terre.fr\/index.php\/wp-json\/wp\/v2\/comments?post=90"}],"version-history":[{"count":4,"href":"https:\/\/ecolieu-art-terre.fr\/index.php\/wp-json\/wp\/v2\/pages\/90\/revisions"}],"predecessor-version":[{"id":960,"href":"https:\/\/ecolieu-art-terre.fr\/index.php\/wp-json\/wp\/v2\/pages\/90\/revisions\/960"}],"wp:attachment":[{"href":"https:\/\/ecolieu-art-terre.fr\/index.php\/wp-json\/wp\/v2\/media?parent=90"}],"curies":[{"name":"wp","href":"https:\/\/api.w.org\/{rel}","templated":true}]}}