{"id":153,"date":"2022-03-06T10:12:03","date_gmt":"2022-03-06T09:12:03","guid":{"rendered":"http:\/\/ecoliel.cluster028.hosting.ovh.net\/?page_id=153"},"modified":"2024-02-13T22:49:41","modified_gmt":"2024-02-13T21:49:41","slug":"partenaires","status":"publish","type":"page","link":"https:\/\/ecolieu-art-terre.fr\/index.php\/partenaires\/","title":{"rendered":"Partenaires"},"content":{"rendered":"\n<p>R\u00e9seaux, sponsors,&#8230;<\/p>\n\n\n\n<figure class=\"wp-block-image size-full is-resized\"><img fetchpriority=\"high\" decoding=\"async\" width=\"1200\" height=\"600\" src=\"https:\/\/ecolieu-art-terre.fr\/wp-content\/uploads\/2024\/02\/1200x600wa.png\" alt=\"\" class=\"wp-image-1169\" style=\"width:295px;height:auto\" srcset=\"https:\/\/ecolieu-art-terre.fr\/wp-content\/uploads\/2024\/02\/1200x600wa.png 1200w, https:\/\/ecolieu-art-terre.fr\/wp-content\/uploads\/2024\/02\/1200x600wa-300x150.png 300w, https:\/\/ecolieu-art-terre.fr\/wp-content\/uploads\/2024\/02\/1200x600wa-1024x512.png 1024w, https:\/\/ecolieu-art-terre.fr\/wp-content\/uploads\/2024\/02\/1200x600wa-768x384.png 768w, https:\/\/ecolieu-art-terre.fr\/wp-content\/uploads\/2024\/02\/1200x600wa-850x425.png 850w, https:\/\/ecolieu-art-terre.fr\/wp-content\/uploads\/2024\/02\/1200x600wa-600x300.png 600w\" sizes=\"(max-width: 1200px) 100vw, 1200px\" \/><\/figure>\n\n\n\n<figure class=\"wp-block-image size-full is-resized\"><img decoding=\"async\" width=\"595\" height=\"595\" src=\"https:\/\/ecolieu-art-terre.fr\/wp-content\/uploads\/2024\/02\/Logo-Fanfare-Marthod-Echo-du-Cornillon.jpg\" alt=\"\" class=\"wp-image-1160\" style=\"width:316px;height:auto\" srcset=\"https:\/\/ecolieu-art-terre.fr\/wp-content\/uploads\/2024\/02\/Logo-Fanfare-Marthod-Echo-du-Cornillon.jpg 595w, https:\/\/ecolieu-art-terre.fr\/wp-content\/uploads\/2024\/02\/Logo-Fanfare-Marthod-Echo-du-Cornillon-300x300.jpg 300w, https:\/\/ecolieu-art-terre.fr\/wp-content\/uploads\/2024\/02\/Logo-Fanfare-Marthod-Echo-du-Cornillon-150x150.jpg 150w, https:\/\/ecolieu-art-terre.fr\/wp-content\/uploads\/2024\/02\/Logo-Fanfare-Marthod-Echo-du-Cornillon-100x100.jpg 100w\" sizes=\"(max-width: 595px) 100vw, 595px\" \/><\/figure>\n\n\n\n<figure class=\"wp-block-image size-full is-resized\"><img decoding=\"async\" width=\"200\" height=\"100\" src=\"https:\/\/ecolieu-art-terre.fr\/wp-content\/uploads\/2024\/02\/logo-facim.jpg\" alt=\"\" class=\"wp-image-1162\" style=\"width:351px;height:auto\"\/><\/figure>\n\n\n\n<figure class=\"wp-block-image size-full is-resized\"><img loading=\"lazy\" decoding=\"async\" width=\"172\" height=\"70\" src=\"https:\/\/ecolieu-art-terre.fr\/wp-content\/uploads\/2024\/02\/Logo-histoire-et-tradition.png\" alt=\"\" class=\"wp-image-1163\" style=\"width:412px;height:auto\"\/><\/figure>\n\n\n\n<figure class=\"wp-block-image size-large is-resized\"><img loading=\"lazy\" decoding=\"async\" width=\"1024\" height=\"278\" src=\"https:\/\/ecolieu-art-terre.fr\/wp-content\/uploads\/2024\/02\/Logo-Credit-Mutuel-Ugine-1024x278.jpg\" alt=\"\" class=\"wp-image-1164\" style=\"width:353px;height:auto\" srcset=\"https:\/\/ecolieu-art-terre.fr\/wp-content\/uploads\/2024\/02\/Logo-Credit-Mutuel-Ugine-1024x278.jpg 1024w, https:\/\/ecolieu-art-terre.fr\/wp-content\/uploads\/2024\/02\/Logo-Credit-Mutuel-Ugine-300x82.jpg 300w, https:\/\/ecolieu-art-terre.fr\/wp-content\/uploads\/2024\/02\/Logo-Credit-Mutuel-Ugine-768x209.jpg 768w, https:\/\/ecolieu-art-terre.fr\/wp-content\/uploads\/2024\/02\/Logo-Credit-Mutuel-Ugine-850x231.jpg 850w, https:\/\/ecolieu-art-terre.fr\/wp-content\/uploads\/2024\/02\/Logo-Credit-Mutuel-Ugine-600x163.jpg 600w, https:\/\/ecolieu-art-terre.fr\/wp-content\/uploads\/2024\/02\/Logo-Credit-Mutuel-Ugine.jpg 1280w\" sizes=\"(max-width: 1024px) 100vw, 1024px\" \/><\/figure>\n\n\n\n<figure class=\"wp-block-image size-large is-resized\"><img loading=\"lazy\" decoding=\"async\" width=\"1024\" height=\"704\" src=\"https:\/\/ecolieu-art-terre.fr\/wp-content\/uploads\/2024\/02\/PaysAlbertville_Logo_CMJN_CoulNoir-1024x704.jpg\" alt=\"\" class=\"wp-image-1165\" style=\"width:333px;height:auto\" srcset=\"https:\/\/ecolieu-art-terre.fr\/wp-content\/uploads\/2024\/02\/PaysAlbertville_Logo_CMJN_CoulNoir-1024x704.jpg 1024w, https:\/\/ecolieu-art-terre.fr\/wp-content\/uploads\/2024\/02\/PaysAlbertville_Logo_CMJN_CoulNoir-300x206.jpg 300w, https:\/\/ecolieu-art-terre.fr\/wp-content\/uploads\/2024\/02\/PaysAlbertville_Logo_CMJN_CoulNoir-768x528.jpg 768w, https:\/\/ecolieu-art-terre.fr\/wp-content\/uploads\/2024\/02\/PaysAlbertville_Logo_CMJN_CoulNoir-1536x1056.jpg 1536w, https:\/\/ecolieu-art-terre.fr\/wp-content\/uploads\/2024\/02\/PaysAlbertville_Logo_CMJN_CoulNoir-2048x1407.jpg 2048w, https:\/\/ecolieu-art-terre.fr\/wp-content\/uploads\/2024\/02\/PaysAlbertville_Logo_CMJN_CoulNoir-850x584.jpg 850w, https:\/\/ecolieu-art-terre.fr\/wp-content\/uploads\/2024\/02\/PaysAlbertville_Logo_CMJN_CoulNoir-600x412.jpg 600w\" sizes=\"(max-width: 1024px) 100vw, 1024px\" \/><\/figure>\n\n\n\n<div  class=\"tribe-compatibility-container\" >\n\t<div\n\t\t class=\"tribe-common tribe-events tribe-events-view tribe-events-view--widget-events-list tribe-events-widget\" \t\tdata-js=\"tribe-events-view\"\n\t\tdata-view-rest-url=\"https:\/\/ecolieu-art-terre.fr\/index.php\/wp-json\/tribe\/views\/v2\/html\"\n\t\tdata-view-manage-url=\"1\"\n\t\t\t\t\t\t\tdata-view-breakpoint-pointer=\"1c876aa1-32cd-400d-9d9a-0792b548f82e\"\n\t\t\t>\n\t\t<div class=\"tribe-events-widget-events-list\">\n\n\t\t\t\n\t\t\t<script data-js=\"tribe-events-view-data\" type=\"application\/json\">\n\t{\"slug\":\"widget-events-list\",\"prev_url\":\"\",\"next_url\":\"\",\"view_class\":\"Tribe\\\\Events\\\\Views\\\\V2\\\\Views\\\\Widgets\\\\Widget_List_View\",\"view_slug\":\"widget-events-list\",\"view_label\":\"View\",\"view\":null,\"should_manage_url\":true,\"id\":null,\"alias-slugs\":null,\"title\":\"Prochains \\u00c9v\\u00e8nements \\u2013 Ecolieu-Art-Terre\",\"limit\":\"5\",\"no_upcoming_events\":false,\"featured_events_only\":false,\"jsonld_enable\":true,\"tribe_is_list_widget\":false,\"admin_fields\":{\"title\":{\"label\":\"Titre\\u00a0:\",\"type\":\"text\",\"parent_classes\":\"\",\"classes\":\"\",\"dependency\":\"\",\"id\":\"widget-tribe-widget-events-list--1-title\",\"name\":\"widget-tribe-widget-events-list[-1][title]\",\"options\":[],\"placeholder\":\"\",\"value\":null},\"limit\":{\"label\":\"Afficher\\u00a0:\",\"type\":\"number\",\"default\":5,\"min\":1,\"max\":10,\"step\":1,\"parent_classes\":\"\",\"classes\":\"\",\"dependency\":\"\",\"id\":\"widget-tribe-widget-events-list--1-limit\",\"name\":\"widget-tribe-widget-events-list[-1][limit]\",\"options\":[],\"placeholder\":\"\",\"value\":null},\"no_upcoming_events\":{\"label\":\"Cacher ce widget s\\u2019il n\\u2019y a pas d\\u2019\\u00e9v\\u00e8nements \\u00e0 venir.\",\"type\":\"checkbox\",\"parent_classes\":\"\",\"classes\":\"\",\"dependency\":\"\",\"id\":\"widget-tribe-widget-events-list--1-no_upcoming_events\",\"name\":\"widget-tribe-widget-events-list[-1][no_upcoming_events]\",\"options\":[],\"placeholder\":\"\",\"value\":null},\"featured_events_only\":{\"label\":\"Limiter uniquement pour les \\u00e9v\\u00e8nements mis en avant\",\"type\":\"checkbox\",\"parent_classes\":\"\",\"classes\":\"\",\"dependency\":\"\",\"id\":\"widget-tribe-widget-events-list--1-featured_events_only\",\"name\":\"widget-tribe-widget-events-list[-1][featured_events_only]\",\"options\":[],\"placeholder\":\"\",\"value\":null},\"jsonld_enable\":{\"label\":\"G\\u00e9n\\u00e9rer les donn\\u00e9es JSON-LD\",\"type\":\"checkbox\",\"parent_classes\":\"\",\"classes\":\"\",\"dependency\":\"\",\"id\":\"widget-tribe-widget-events-list--1-jsonld_enable\",\"name\":\"widget-tribe-widget-events-list[-1][jsonld_enable]\",\"options\":[],\"placeholder\":\"\",\"value\":null}},\"events\":[],\"url\":\"https:\\\/\\\/ecolieu-art-terre.fr\\\/?post_type=tribe_events&eventDisplay=widget-events-list\",\"url_event_date\":false,\"bar\":{\"keyword\":\"\",\"date\":\"\"},\"today\":\"2026-04-19 00:00:00\",\"now\":\"2026-04-19 04:10:15\",\"home_url\":\"https:\\\/\\\/ecolieu-art-terre.fr\",\"rest_url\":\"https:\\\/\\\/ecolieu-art-terre.fr\\\/index.php\\\/wp-json\\\/tribe\\\/views\\\/v2\\\/html\",\"rest_method\":\"GET\",\"rest_nonce\":\"\",\"today_url\":\"https:\\\/\\\/ecolieu-art-terre.fr\\\/?post_type=tribe_events&eventDisplay=widget-events-list&rest_route=%2Fwp%2Fv2%2Fpages%2F153\",\"today_title\":\"Cliquer pour s\\u00e9lectionner la date du jour\",\"today_label\":\"Aujourd\\u2019hui\",\"prev_label\":\"\",\"next_label\":\"\",\"date_formats\":{\"compact\":\"n\\\/j\\\/Y\",\"month_and_year_compact\":\"n\\\/Y\",\"month_and_year\":\"F Y\",\"time_range_separator\":\" - \",\"date_time_separator\":\" @ \"},\"messages\":{\"notice\":[\"Il n\\u2019y a pas d\\u2019\\u00e9v\\u00e8nements \\u00e0 venir.\"]},\"start_of_week\":\"1\",\"header_title\":\"\",\"header_title_element\":\"h1\",\"content_title\":\"\",\"show_content_title\":false,\"breadcrumbs\":[],\"backlink\":false,\"before_events\":\"\",\"after_events\":\"\\n<!--\\nThis calendar is powered by The Events Calendar.\\nhttp:\\\/\\\/evnt.is\\\/18wn\\n-->\\n\",\"display_events_bar\":false,\"disable_event_search\":false,\"live_refresh\":true,\"ical\":{\"display_link\":true,\"link\":{\"url\":\"https:\\\/\\\/ecolieu-art-terre.fr\\\/?post_type=tribe_events&#038;eventDisplay=widget-events-list&#038;ical=1\",\"text\":\"Exporter \\u00c9v\\u00e8nements\",\"title\":\"Utilisez ceci pour partager les donn\\u00e9es de calendrier avec Google Calendar, Apple iCal et d\\u2019autres applications compatibles\"}},\"container_classes\":[\"tribe-common\",\"tribe-events\",\"tribe-events-view\",\"tribe-events-view--widget-events-list\",\"tribe-events-widget\"],\"container_data\":[],\"is_past\":false,\"breakpoints\":{\"xsmall\":500,\"medium\":768,\"full\":960},\"breakpoint_pointer\":\"1c876aa1-32cd-400d-9d9a-0792b548f82e\",\"is_initial_load\":false,\"public_views\":{\"list\":{\"view_class\":\"Tribe\\\\Events\\\\Views\\\\V2\\\\Views\\\\List_View\",\"view_url\":\"https:\\\/\\\/ecolieu-art-terre.fr\\\/events\\\/liste\\\/\",\"view_label\":\"Liste\",\"aria_label\":\"Display \\u00c9v\\u00e8nements in Liste View\"},\"month\":{\"view_class\":\"Tribe\\\\Events\\\\Views\\\\V2\\\\Views\\\\Month_View\",\"view_url\":\"https:\\\/\\\/ecolieu-art-terre.fr\\\/events\\\/mois\\\/\",\"view_label\":\"Mois\",\"aria_label\":\"Display \\u00c9v\\u00e8nements in Mois View\"},\"day\":{\"view_class\":\"Tribe\\\\Events\\\\Views\\\\V2\\\\Views\\\\Day_View\",\"view_url\":\"https:\\\/\\\/ecolieu-art-terre.fr\\\/events\\\/aujourdhui\\\/\",\"view_label\":\"Jour\",\"aria_label\":\"Display \\u00c9v\\u00e8nements in Jour View\"}},\"show_latest_past\":false,\"past\":false,\"compatibility_classes\":[\"tribe-compatibility-container\"],\"view_more_text\":\"Voir le calendrier\",\"view_more_title\":\"Voir plus d\\u2019\\u00e9v\\u00e8nements.\",\"view_more_link\":\"https:\\\/\\\/ecolieu-art-terre.fr\\\/events\\\/\",\"widget_title\":\"\\u00c9v\\u00e8nements \\u00e0 venir\",\"hide_if_no_upcoming_events\":false,\"display\":[],\"subscribe_links\":{\"gcal\":{\"label\":\"Google Agenda\",\"single_label\":\"Ajouter \\u00e0 Google Agenda\",\"visible\":true,\"block_slug\":\"hasGoogleCalendar\"},\"ical\":{\"label\":\"iCalendar\",\"single_label\":\"Ajouter \\u00e0 iCalendar\",\"visible\":true,\"block_slug\":\"hasiCal\"},\"outlook-365\":{\"label\":\"Outlook 365\",\"single_label\":\"Outlook 365\",\"visible\":true,\"block_slug\":\"hasOutlook365\"},\"outlook-live\":{\"label\":\"Outlook Live\",\"single_label\":\"Outlook Live\",\"visible\":true,\"block_slug\":\"hasOutlookLive\"},\"ics\":{\"label\":\"Exporter le fichier .ics\",\"single_label\":\"Exporter le fichier .ics\",\"visible\":true,\"block_slug\":null},\"outlook-ics\":{\"label\":\"Exporter le fichier Outlook .ics\",\"single_label\":\"Exporter le fichier Outlook .ics\",\"visible\":true,\"block_slug\":null}},\"_context\":{\"slug\":\"widget-events-list\"}}<\/script>\n\n\t\t\t\t\t\t\t<header class=\"tribe-events-widget-events-list__header\">\n\t\t\t\t\t<h2 class=\"tribe-events-widget-events-list__header-title tribe-common-h6 tribe-common-h--alt\">\n\t\t\t\t\t\t\u00c9v\u00e8nements \u00e0 venir\t\t\t\t\t<\/h2>\n\t\t\t\t<\/header>\n\t\t\t\n\t\t\t\n\t\t\t\t<div  class=\"tribe-events-header__messages tribe-events-c-messages tribe-common-b2\"  >\n\t\t\t<div class=\"tribe-events-c-messages__message tribe-events-c-messages__message--notice\" tabindex=\"0\" role=\"alert\" aria-live=\"assertive\">\n\t\t\t<svg\n\t class=\"tribe-common-c-svgicon tribe-common-c-svgicon--messages-not-found tribe-events-c-messages__message-icon-svg\" \taria-hidden=\"true\"\n\tviewBox=\"0 0 21 23\"\n\txmlns=\"http:\/\/www.w3.org\/2000\/svg\"\n>\n\t<g fill-rule=\"evenodd\">\n\t\t<path d=\"M.5 2.5h20v20H.5z\"\/>\n\t\t<path stroke-linecap=\"round\" d=\"M7.583 11.583l5.834 5.834m0-5.834l-5.834 5.834\" class=\"tribe-common-c-svgicon__svg-stroke\"\/>\n\t\t<path stroke-linecap=\"round\" d=\"M4.5.5v4m12-4v4\"\/>\n\t\t<path stroke-linecap=\"square\" d=\"M.5 7.5h20\"\/>\n\t<\/g>\n<\/svg>\n<span class=\"tribe-common-a11y-visual-hide\">\n\tNotice<\/span>\n\t\t\t\t\t\t\t<div\n\t\t\t\t\t data-key=\"0\" >\n\t\t\t\t\tIl n\u2019y a pas d\u2019\u00e9v\u00e8nements \u00e0 venir.\t\t\t\t<\/div>\n\t\t\t\t\t<\/div>\n\t<\/div>\n\n\t\t\t\t\t<\/div>\n\t<\/div>\n<\/div>\n<script data-js='tribe-events-view-nonce-data' type='application\/json'>{\"tvn1\":\"26037c7697\",\"tvn2\":\"\"}<\/script>\n","protected":false},"excerpt":{"rendered":"<p>R\u00e9seaux, sponsors,&#8230;<\/p>\n","protected":false},"author":1,"featured_media":302,"parent":0,"menu_order":0,"comment_status":"closed","ping_status":"closed","template":"","meta":{"_EventAllDay":false,"_EventTimezone":"","_EventStartDate":"","_EventEndDate":"","_EventStartDateUTC":"","_EventEndDateUTC":"","_EventShowMap":false,"_EventShowMapLink":false,"_EventURL":"","_EventCost":"","_EventCostDescription":"","_EventCurrencySymbol":"","_EventCurrencyCode":"","_EventCurrencyPosition":"","_EventDateTimeSeparator":"","_EventTimeRangeSeparator":"","_EventOrganizerID":[],"_EventVenueID":[],"_OrganizerEmail":"","_OrganizerPhone":"","_OrganizerWebsite":"","_VenueAddress":"","_VenueCity":"","_VenueCountry":"","_VenueProvince":"","_VenueState":"","_VenueZip":"","_VenuePhone":"","_VenueURL":"","_VenueStateProvince":"","_VenueLat":"","_VenueLng":"","_VenueShowMap":false,"_VenueShowMapLink":false,"footnotes":""},"class_list":["post-153","page","type-page","status-publish","has-post-thumbnail","hentry"],"_links":{"self":[{"href":"https:\/\/ecolieu-art-terre.fr\/index.php\/wp-json\/wp\/v2\/pages\/153","targetHints":{"allow":["GET"]}}],"collection":[{"href":"https:\/\/ecolieu-art-terre.fr\/index.php\/wp-json\/wp\/v2\/pages"}],"about":[{"href":"https:\/\/ecolieu-art-terre.fr\/index.php\/wp-json\/wp\/v2\/types\/page"}],"author":[{"embeddable":true,"href":"https:\/\/ecolieu-art-terre.fr\/index.php\/wp-json\/wp\/v2\/users\/1"}],"replies":[{"embeddable":true,"href":"https:\/\/ecolieu-art-terre.fr\/index.php\/wp-json\/wp\/v2\/comments?post=153"}],"version-history":[{"count":8,"href":"https:\/\/ecolieu-art-terre.fr\/index.php\/wp-json\/wp\/v2\/pages\/153\/revisions"}],"predecessor-version":[{"id":1170,"href":"https:\/\/ecolieu-art-terre.fr\/index.php\/wp-json\/wp\/v2\/pages\/153\/revisions\/1170"}],"wp:featuredmedia":[{"embeddable":true,"href":"https:\/\/ecolieu-art-terre.fr\/index.php\/wp-json\/wp\/v2\/media\/302"}],"wp:attachment":[{"href":"https:\/\/ecolieu-art-terre.fr\/index.php\/wp-json\/wp\/v2\/media?parent=153"}],"curies":[{"name":"wp","href":"https:\/\/api.w.org\/{rel}","templated":true}]}}