{"id":111,"date":"2022-03-06T09:59:36","date_gmt":"2022-03-06T08:59:36","guid":{"rendered":"http:\/\/ecoliel.cluster028.hosting.ovh.net\/?page_id=111"},"modified":"2022-07-06T09:42:56","modified_gmt":"2022-07-06T07:42:56","slug":"raison-detre-et-charte","status":"publish","type":"page","link":"https:\/\/ecolieu-art-terre.fr\/index.php\/raison-detre-et-charte\/","title":{"rendered":"Raison d \u00eatre et charte"},"content":{"rendered":"\n<h2 class=\"has-text-align-center wp-block-heading\"><strong>&#8212; RAISON D\u2019\u00caTRE &#8212;<br><\/strong><\/h2>\n\n\n\n<figure class=\"wp-block-pullquote has-small-font-size\"><blockquote><p>Retour \u00e0 des valeurs fondamentales<\/p><p>en se r\u00e9conciliant \u00e0 sa nature profonde, aux autres et au monde,<\/p><p>par les arts et la reconnexion \u00e0 la nature.<br><\/p><p>Bienveillance et respect envers la Vie, <\/p><p>harmonie dans le partage et la libert\u00e9,<\/p><p>ouverture d&rsquo;esprit , autonomie et entraide <\/p><p>Valeurs \u00e0 exp\u00e9rimenter dans une philosophie de vie,<\/p><p> un art de vivre au quotidien.<br><\/p><\/blockquote><\/figure>\n\n\n\n<div class=\"wp-block-group\"><div class=\"wp-block-group__inner-container is-layout-flow wp-block-group-is-layout-flow\">\n<h2 class=\"has-text-align-center wp-block-heading\"><strong>&#8212; CHARTE &#8212;<\/strong><\/h2>\n<\/div><\/div>\n\n\n\n<p><br>Les orientations principales du projet se d\u00e9clinent comme suit :<\/p>\n\n\n\n<p><strong>D\u00e9marche holistique<\/strong><\/p>\n\n\n\n<p>Vision syst\u00e9mique pouvant s&rsquo;appliquer dans la vie interne du lieu comme dans les activit\u00e9s propos\u00e9es  dans une responsabilit\u00e9 pour la plan\u00e8te.<br>Tant que possible inclure (accueillir, int\u00e9grer) \/ ne pas exclure (rejeter, s\u00e9parer).<br>Relier Nature et Culture.<\/p>\n\n\n\n<p><strong>Autonomie alimentaire<br><\/strong>D\u00e9velopper une culture vivri\u00e8re adapt\u00e9e au lieu (\u00e9levage et for\u00eat comestible dans<br>l&rsquo;approche permaculturelle) avec  \u00e9ventuellement vente des produits en surplus,<br>transform\u00e9s ou non.  Recherche de divers moyens actuels \u00e0 mettre en oeuvre pour<br>r\u00e9colter toute l&rsquo;ann\u00e9e et s&rsquo;adapter aux variations climatiques.<\/p>\n\n\n\n<p><strong>Choix \u00e9cologique<br><\/strong>Sobri\u00e9t\u00e9 \u00e9nerg\u00e9tique .R\u00e9duire l&#8217;empreinte \u00e9cologique et  d\u00e9velopper les impacts positifs<br>sur la plan\u00e8te (favoriser la biodiversit\u00e9, planter des arbres,\u2026).<br>Eco\/auto-construction et\/ou r\u00e9novation  avec le maximum de mat\u00e9riaux locaux et de<br>proximit\u00e9 non polluants.<br>Alimentation biologique.<br>Design permaculturel pour toutes activit\u00e9s.<\/p>\n\n\n\n<p><strong>Intention sociale<br><\/strong>Permaculture humaine.<br>Respect de la libert\u00e9 de chacun et solidarit\u00e9 responsable.<br>Accueil et accompagnement de personnes \u00e2g\u00e9es, personnes en situation de handicap,<br>enfants,\u2026<br>Coop\u00e9ration et \u00e9change avec l&rsquo;environnement r\u00e9gional.<br>Ouverture au monde.<\/p>\n\n\n\n<p><strong>Activit\u00e9s culturelles<br><\/strong>Stages, ateliers, forums, conf\u00e9rences, rencontres, festivals, spectacles, &#8230;<br>\u00c9v\u00e8nements artistiques, mise en avant de la  cr\u00e9ation artistique,\u2026<br>Ressourcement, reconnexion nature, loisirs de plein air,\u2026<\/p>\n\n\n\n<p><strong>Inspirations<br><\/strong>Permaculture<br>R\u00eave du Dragon<br>Sociocratie<br>Sagesses peuples premiers, philosophies, spiritualit\u00e9s, accords tolt\u00e8ques<br>D\u00e9veloppement personnel<\/p>\n\n\n\n<p><\/p>\n\n\n\n<p><\/p>\n\n\n\n<p> <br><strong>VIE DU GROUPE <\/strong><\/p>\n\n\n\n<p><\/p>\n\n\n\n<p>N\u00e9cessit\u00e9 d&rsquo;une d\u00e9marche sinc\u00e8re de vie int\u00e9rieure de chacun (psychologie, philosophie, spiritualit\u00e9, art )<\/p>\n\n\n\n<p>Confiance dans la nature humaine, donc en soi et dans les  autres, dans la vie qui nous englobe.<\/p>\n\n\n\n<p>Bienveillance naturelle envers le vivant.<\/p>\n\n\n\n<p>Encouragement \u00e0 l&rsquo; int\u00e9grit\u00e9 et  \u00e0 l&rsquo; int\u00e9gration afin d&rsquo; \u00e9viter toute forme d&rsquo;int\u00e9grisme.<\/p>\n\n\n\n<p>Libert\u00e9 de conviction et de comportement (religion, alimentation,\u2026) avec respect de la diff\u00e9rence <\/p>\n\n\n\n<p>en un choix responsable :<\/p>\n\n\n\n<p>Tol\u00e9rer ce que fait autrui mais  prendre en compte et acter ce que notre diff\u00e9rence fait \u00e0 autrui.<\/p>\n\n\n\n<p>Envisager les limites en tant qu&rsquo;harmonisation plut\u00f4t que compromis frustrant.<\/p>\n\n\n\n<p>Dans la vie quotidienne, mixit\u00e9 des enfants avec les seniors comme moyen<br>d&rsquo;apprentissage interg\u00e9n\u00e9rationnel.<\/p>\n\n\n\n<p>\u00c9quilibre entre :<\/p>\n\n\n\n<p>  -espaces communs \/ espaces personnels,<\/p>\n\n\n\n<p>  -temps partag\u00e9s \/ temps seuls,<br>       Chacun doit se sentir libre de se retrouver dans son espace et\/ou de prendre<br>        un temps, et cela ne doit pas \u00eatre jug\u00e9.<\/p>\n\n\n\n<p>Coh\u00e9rence r\u00e8gles gouvernance \/ coh\u00e9sion sensibilit\u00e9, spontan\u00e9it\u00e9, arts.<br><\/p>\n\n\n\n<p><strong> Activit\u00e9s (travail quotidien, projets)<br><\/strong>Les activit\u00e9s sont g\u00e9r\u00e9es par des p\u00f4les autonomes d\u2019action constitu\u00e9s par les membres<br>d\u2019Art-Terre. Un p\u00f4le d&rsquo;action est constitu\u00e9 d&rsquo;une ou plusieurs personnes sur une t\u00e2che ou un domaine d&rsquo;activit\u00e9 ( ex : autonomie \u00e9nerg\u00e9tique ,permaculture , travaux , arts et culture,&#8230;.) <br><\/p>\n\n\n\n<p><strong>4 TYPES DE R\u00c9UNION<\/strong><\/p>\n\n\n\n<p><strong>r\u00e9unions d&rsquo;informations<\/strong> :pour accueillir de nouveaux membres du collectif<\/p>\n\n\n\n<p><strong>r\u00e9unions des membres du collectif <\/strong>: tous ensemble<\/p>\n\n\n\n<p><strong>r\u00e9unions par p\u00f4le d&rsquo;action<\/strong> : personnes adh\u00e9rents \u00e0 chaque p\u00f4le <\/p>\n\n\n\n<p><strong>r\u00e9unions du p\u00f4le coordination<\/strong> : fondateurs et  personnes \u00e9lues correspondant au 1er cercle d&rsquo;int\u00e9gration <br><br>En g\u00e9n\u00e9ral la r\u00e9union des diff\u00e9rents p\u00f4les d action arrive \u00e0 solutionner les probl\u00e9matiques et organiser les diff\u00e9rentes  t\u00e2ches internes au p\u00f4le . Les r\u00e9unions des membres du collectif sont pr\u00e9vues pour expliquer aux autres membres le travail effectu\u00e9 ou pr\u00e9vu par les diff\u00e9rents p\u00f4les.  Le p\u00f4le coordination  est responsable de la gestion de l administratif et du juridique, des relations avec les autorit\u00e9s et coordonne les p\u00f4les autonomes d&rsquo;action <br><\/p>\n\n\n\n<p><strong>GOUVERNANCE<\/strong><br><strong>Mod\u00e8le de la Sociocratie.<br><\/strong>Gouvernance agile &amp; autorit\u00e9 distribu\u00e9e (responsabilit\u00e9s r\u00e9parties : p\u00f4le<br>coordination, p\u00f4les d&rsquo;action autonomes).<br>Prise de d\u00e9cision selon la sociocratie, sauf en cas de n\u00e9cessit\u00e9 de trancher (non<br>consentement g\u00e9n\u00e9ral), en ce cas le p\u00f4le coordination (1er cercle) prendrait la<br>d\u00e9cision finale.<br>Une personne du p\u00f4le coordination (1er cercle) peut faire partie d&rsquo;un p\u00f4le d&rsquo;action.<br>D&rsquo;autres approches telles que le Forum Zegg, les Cercles Restauratifs,\u2026 pourront \u00eatre<br>utilis\u00e9es, soit en d\u00e9veloppant les comp\u00e9tences, soit en faisant appel \u00e0 un facilitateur<br>ou un m\u00e9diateur externe au projet.<br><strong>&#8212; LES CERCLES D\u2019INTEGRATION &#8212;<br><\/strong>(sur place d\u00e8s ouverture du tiers-lieu )<br>1 er Cercle<br>: Personne-source, fondateurs, personnes \u00e9lues issues<br>du 2e cercle<br>Le 1er cercle est constitu\u00e9 de trois profils de personnes :<\/p>\n\n\n\n<p>La personne source est celle qui a initi\u00e9 le projet et qui a la vision \u00e0 long terme<\/p>\n\n\n\n<p>Les fondateurs sont les premi\u00e8res personnes rassembl\u00e9es autour de la cr\u00e9ation du<br>projet. Ils ont r\u00e9dig\u00e9 la Charte, les structures juridiques, envisag\u00e9 le financement et<br>l\u2019\u00e9conomie du lieu, les activit\u00e9s sur le lieu. Ils ont beaucoup investi de leur temps et<br>\u00e9nergie pour construire le projet.<\/p>\n\n\n\n<p>Les personnes issues du 2\u00e8me cercle<br>Le 1er cercle remplit les missions du p\u00f4le coordination.<br><\/p>\n\n\n\n<p><strong>Pouvoirs<\/strong><\/p>\n\n\n\n<p>de d\u00e9cision \u00ab\u00a0finale\u00a0\u00bb si impossibilit\u00e9 de consentement dans une r\u00e9union et\/ou si<br>n\u00e9cessit\u00e9 d\u2019une d\u00e9cision rapide<\/p>\n\n\n\n<p>de cr\u00e9ation\/modifications et validation de la charte et de la raison d&rsquo;\u00eatre, des<br>r\u00e8glements<\/p>\n\n\n\n<p>participer aux r\u00e9unions du p\u00f4le coordination et du collectif<\/p>\n\n\n\n<p>droit de vote et \u00e9lection<\/p>\n\n\n\n<p>apporter des propositions de projets<\/p>\n\n\n\n<p>choisir de porter de mani\u00e8re autonome les projets valid\u00e9s en p\u00f4les d\u2019action (prendre<br>la responsabilit\u00e9 d\u2019\u00eatre acteur d\u2019un p\u00f4le d\u2019action)<\/p>\n\n\n\n<p>valider la r\u00e9partition des p\u00f4les d\u2019action et leurs r\u00e9f\u00e9rents<br><\/p>\n\n\n\n<p><strong>Responsabilit\u00e9s<\/strong><\/p>\n\n\n\n<p>coordonner les p\u00f4les d&rsquo;action ou la mise en place de projets, d&rsquo;activit\u00e9s<\/p>\n\n\n\n<p>pr\u00e9server l&rsquo;int\u00e9grit\u00e9 d\u2019Art-Terre (dans son \u00e9thique et dans le concret) et \u00e9viter les<br>d\u00e9cisions trop h\u00e2tives<\/p>\n\n\n\n<p>consid\u00e9rer les tenants et aboutissants de chaque projet, de sa conception \u00e0 la<br>r\u00e9alisation<\/p>\n\n\n\n<p>se conformer aux principes de la charte et du r\u00e8glement<\/p>\n\n\n\n<p>engagement moral, notamment les pr\u00e9sidents de la SAS et des associations qui<br>doivent rendre des comptes.<\/p>\n\n\n\n<p>participation aux t\u00e2ches communes<\/p>\n\n\n\n<p>loyer<br><\/p>\n\n\n\n<p><strong>Pour y rentrer<\/strong><\/p>\n\n\n\n<p>\u00eatre fondateur d&rsquo;origine<\/p>\n\n\n\n<p>\u00eatre dans le 2\u00e8me cercle depuis 1 an et avoir fait preuve d\u2019engagement, et \u00eatre \u00e9lu<br>par le 1er cercle<\/p>\n\n\n\n<p>souscrire une action \u00e0 la SAS<br><\/p>\n\n\n\n<p><strong>Pour en sortir<\/strong><\/p>\n\n\n\n<p>si la personne ne suit pas les r\u00e8gles de la charte et les responsabilit\u00e9s de son cercle,<br>les autres membres du p\u00f4le coordination discuteront de sa sortie ou non. Selon la<br>situation, ce sera une r\u00e9trogradation vers le 2\u00e8me cercle, ou une exclusion du groupe<br>et du lieu.<\/p>\n\n\n\n<p>toute personne est libre de partir avec un pr\u00e9avis d&rsquo;1 mois. L\u2019action vers\u00e9e et<br>l\u2019\u00e9ventuelle part sont restitu\u00e9es selon les modalit\u00e9s pr\u00e9cis\u00e9es dans les statuts de la<br>SAS.<br><\/p>\n\n\n\n<p><strong>2\u00e8me Cercle : R\u00e9sidents permanents<\/strong><br>La personne devient r\u00e9sidente permanente et participante du projet. Elle devient<br>actionnaire dans la SAS.<br><\/p>\n\n\n\n<p><strong>Pouvoirs<\/strong><\/p>\n\n\n\n<p>participer aux r\u00e9unions du collectif<\/p>\n\n\n\n<p>participer aux r\u00e9unions des p\u00f4les d\u2019action choisis<\/p>\n\n\n\n<p>droit de vote et \u00e9lection<\/p>\n\n\n\n<p>apporter des propositions de projets<\/p>\n\n\n\n<p>choisir de porter de mani\u00e8re autonome les projets valid\u00e9s en p\u00f4les d\u2019action (prendre<br>la responsabilit\u00e9 d\u2019\u00eatre acteur d\u2019un p\u00f4le d\u2019action)<\/p>\n\n\n\n<p>\u00eatre r\u00e9f\u00e9rent d\u2019un p\u00f4le d\u2019action \u00e9ventuellement en bin\u00f4me<br><\/p>\n\n\n\n<p><strong>Responsabilit\u00e9s<\/strong><\/p>\n\n\n\n<p>participer aux r\u00e9unions (minimum trois par an) du collectif de l\u2019association Art-Terre<br>destin\u00e9es entre autres \u00e0 cr\u00e9er le groupe r\u00e9sidents d\u2019Art-Terre<\/p>\n\n\n\n<p>choisir un ou des p\u00f4les d\u2019action et participer \u00e0 leurs r\u00e9unions<\/p>\n\n\n\n<p>consid\u00e9rer les tenants et aboutissants des t\u00e2ches du p\u00f4le et s\u2019investir dans la<br>r\u00e9alisation de celles-ci selon ses comp\u00e9tences, ses envies.<\/p>\n\n\n\n<p>se conformer aux principes de la charte et du r\u00e8glement<\/p>\n\n\n\n<p>participation aux t\u00e2ches communes selon ses capacit\u00e9s<\/p>\n\n\n\n<p>loyer<br><\/p>\n\n\n\n<p><strong>Pour y rentrer<\/strong><\/p>\n\n\n\n<p>\u00eatre dans le cercle 3 depuis 6 mois minimum et avoir l&rsquo;adh\u00e9sion des cercles 1 et 2.<\/p>\n\n\n\n<p>\u00eatre adh\u00e9rent de l\u2019association Art-Terre<\/p>\n\n\n\n<p>souscrire une action \u00e0 la SAS<br><\/p>\n\n\n\n<p><strong>Pour en sortir<\/strong><\/p>\n\n\n\n<p>Si ne suit pas les r\u00e8gles de la charte et les responsabilit\u00e9s de son cercle, une r\u00e9union<br>discutera de sa sortie ou non. Selon la situation, ce sera une r\u00e9trogradation vers le<br>cercle pr\u00e9c\u00e9dent, ou une exclusion du groupe et du lieu.<\/p>\n\n\n\n<p>toute personne est libre de partir avec un pr\u00e9avis d&rsquo;1 mois. L\u2019action vers\u00e9e et<br>l\u2019\u00e9ventuelle part sont restitu\u00e9es selon les modalit\u00e9s pr\u00e9cis\u00e9es dans les statuts de la<br>SAS.<br><\/p>\n\n\n\n<p><strong>3\u00e8me Cercle : Personnes \u00e0 dur\u00e9e ind\u00e9termin\u00e9e<\/strong><br>La personne est r\u00e9sidente \u00e0 l&rsquo;essai, elle s&rsquo;\u00e9tablit de mani\u00e8re provisoire sur le lieu pour<br>v\u00e9rifier les concordances avec les autres r\u00e9sidents et le cadre de vie. Ou bien elle<br>s&rsquo;engage pour une dur\u00e9e d\u00e9termin\u00e9e sur le lieu sans n\u00e9cessairement d\u00e9cider de s&rsquo;y<br>\u00e9tablir (artistes en r\u00e9sidence, p\u00e9riode de ressourcement,\u2026).<br><\/p>\n\n\n\n<p><strong>Pouvoirs<\/strong><\/p>\n\n\n\n<p>la personne donne ses ressentis et peut faire des propositions, sans participer \u00e0 la<br>prise de d\u00e9cision<br>Responsabilit\u00e9s<\/p>\n\n\n\n<p>se conformer aux principes de la charte et des annexes<\/p>\n\n\n\n<p>respecter la confidentialit\u00e9 selon la Lettre d\u2019Adh\u00e9sion<\/p>\n\n\n\n<p>loyer<br><\/p>\n\n\n\n<p><strong>Pour y rentrer<\/strong><\/p>\n\n\n\n<p>adh\u00e9rer \u00e0 l&rsquo;association Art-Terre<\/p>\n\n\n\n<p>signer la Lettre d&rsquo;Adh\u00e9sion afin de pr\u00e9server la confidentialit\u00e9 du travail collaboratif<br>d\u2019Art-Terre<\/p>\n\n\n\n<p>participer \u00e0 une r\u00e9union d\u2019informations \u00ab nouveaux membres \u00bb (\u00e9ventuellement en<br>plus, avoir rencontr\u00e9 ou t\u00e9l\u00e9phon\u00e9 \u00e0 un responsable des entr\u00e9es-sorties)<br><\/p>\n\n\n\n<p><strong>Pour en sortir<\/strong><\/p>\n\n\n\n<p>si la personne ne suit pas les r\u00e8gles de la charte et les responsabilit\u00e9s de son cercle,<br>une r\u00e9union discutera de sa sortie ou non du collectif et du lieu<\/p>\n\n\n\n<p>la personne est libre de partir quand elle le souhaite<br><\/p>\n\n\n\n<p><\/p>\n\n\n\n<p><strong>4 e Cercle<\/strong><br>: Personnes en ponctuel<br>La personne vient en visite ou pour une activit\u00e9 ponctuelle (nomades, p\u00e8lerins,<br>touristes, visiteurs, stagiaires, animateurs, artistes, festivaliers, enfants garderie,\u2026).<br>En ce qui concerne les enfants en garderie, leurs parents ont les m\u00eame pouvoirs et<br>responsabilit\u00e9s que toute personne en ponctuel.<br><\/p>\n\n\n\n<p><strong>Pouvoirs<\/strong><\/p>\n\n\n\n<p>peut assister \u00e0 certaines r\u00e9unions en tant qu&rsquo;observateur, elle ne prend pas part aux<br>d\u00e9cisions prises en gouvernance partag\u00e9e<br><\/p>\n\n\n\n<p><strong>Responsabilit\u00e9s<\/strong><\/p>\n\n\n\n<p>se conformer aux principes de la charte et du r\u00e8glement<\/p>\n\n\n\n<p>location<\/p>\n","protected":false},"excerpt":{"rendered":"<p>&#8212; RAISON D\u2019\u00caTRE &#8212; Retour \u00e0 des valeurs fondamentales en se r\u00e9conciliant \u00e0 sa nature profonde, aux autres et au monde, par les arts et la reconnexion \u00e0 la nature&#8230;.<\/p>\n","protected":false},"author":1,"featured_media":0,"parent":0,"menu_order":0,"comment_status":"closed","ping_status":"closed","template":"","meta":{"_EventAllDay":false,"_EventTimezone":"","_EventStartDate":"","_EventEndDate":"","_EventStartDateUTC":"","_EventEndDateUTC":"","_EventShowMap":false,"_EventShowMapLink":false,"_EventURL":"","_EventCost":"","_EventCostDescription":"","_EventCurrencySymbol":"","_EventCurrencyCode":"","_EventCurrencyPosition":"","_EventDateTimeSeparator":"","_EventTimeRangeSeparator":"","_EventOrganizerID":[],"_EventVenueID":[],"_OrganizerEmail":"","_OrganizerPhone":"","_OrganizerWebsite":"","_VenueAddress":"","_VenueCity":"","_VenueCountry":"","_VenueProvince":"","_VenueState":"","_VenueZip":"","_VenuePhone":"","_VenueURL":"","_VenueStateProvince":"","_VenueLat":"","_VenueLng":"","_VenueShowMap":false,"_VenueShowMapLink":false,"footnotes":""},"class_list":["post-111","page","type-page","status-publish","hentry"],"_links":{"self":[{"href":"https:\/\/ecolieu-art-terre.fr\/index.php\/wp-json\/wp\/v2\/pages\/111","targetHints":{"allow":["GET"]}}],"collection":[{"href":"https:\/\/ecolieu-art-terre.fr\/index.php\/wp-json\/wp\/v2\/pages"}],"about":[{"href":"https:\/\/ecolieu-art-terre.fr\/index.php\/wp-json\/wp\/v2\/types\/page"}],"author":[{"embeddable":true,"href":"https:\/\/ecolieu-art-terre.fr\/index.php\/wp-json\/wp\/v2\/users\/1"}],"replies":[{"embeddable":true,"href":"https:\/\/ecolieu-art-terre.fr\/index.php\/wp-json\/wp\/v2\/comments?post=111"}],"version-history":[{"count":5,"href":"https:\/\/ecolieu-art-terre.fr\/index.php\/wp-json\/wp\/v2\/pages\/111\/revisions"}],"predecessor-version":[{"id":719,"href":"https:\/\/ecolieu-art-terre.fr\/index.php\/wp-json\/wp\/v2\/pages\/111\/revisions\/719"}],"wp:attachment":[{"href":"https:\/\/ecolieu-art-terre.fr\/index.php\/wp-json\/wp\/v2\/media?parent=111"}],"curies":[{"name":"wp","href":"https:\/\/api.w.org\/{rel}","templated":true}]}}